{"id":3637,"date":"2019-12-04T10:41:00","date_gmt":"2019-12-04T10:41:00","guid":{"rendered":"https:\/\/adlsecurity.be\/?page_id=3637"},"modified":"2022-07-25T19:14:35","modified_gmt":"2022-07-25T19:14:35","slug":"branddetectie","status":"publish","type":"page","link":"https:\/\/adl-security.be\/nl\/onze-diensten\/branddetectie\/","title":{"rendered":"Branddetectie"},"content":{"rendered":"<p>[vc_row][vc_column][vc_tta_tabs][vc_tta_section title=&#8221;Algemeen&#8221; tab_id=&#8221;1448903757509-7c883d9e-65f9&#8243;][vc_column_text]<\/p>\n<h3>Een onmisbaar veiligheidsinstrument<\/h3>\n<p>Zowel voor particulieren als bedrijven is brandbeveiliging meer dan een luxe: ze is vandaag een onmisbaar instrument voor de veiligheid. De meeste ongevallen als gevolg brand kunnen worden vermeden indien men ze tijdig voorkomt.<br \/>\nADL Security stelt al zijn ervaring tot uw dienst, afhankelijk van uw activiteiten en behoeften en in stipte naleving van de normen, om u te adviseren en het ideale materieel voor uw gebouw te installeren.<\/p>\n<h3>In de sector van de branddetectie worden twee grote technologie\u00ebn gebruikt<\/h3>\n<p>Een systeem voor branddetectie omvat drie elementen:<\/p>\n<ul>\n<li>De organen voor branddetectie (manuele alarmknoppen, automatische detectoren&#8230;)<\/li>\n<li>De intermediaire voorziening (kabelsystemen&#8230;)<\/li>\n<li>Een Controle- en Signalisatie-uitrusting, ook &#8216;signalisatiebord&#8217; of &#8216;bedieningspaneel&#8217; genoemd, die een alarm geeft wanneer het systeem wordt aangesproken, gestoord is of een brandalarm vaststelt.<\/li>\n<\/ul>\n<p>Deze organen zijn aangesloten op lussen (of lijnen) die met de Controle- en Signalisatie-uitrusting verbonden zijn.<\/p>\n<ul>\n<li>We moeten een onderscheid maken tussen twee grote families van detectiesystemen, volgens de aard van de informatie die tussen de bewaakte plaats en de Controle- en Signalisatie-uitrusting wordt uitgewisseld.<\/li>\n<li>Wanneer de detectie op het geheel van een lus van detectoren plaatsvindt, spreken we van een &#8216;conventioneel&#8217; systeem voor branddetectie.<br \/>\nOmgekeerd spreken we van een &#8216;intelligent&#8217; of &#8216;adresseerbaar&#8217; systeem wanneer op eenzelfde lus verschillende detectiezones met \u00e9\u00e9n of meer detectoren worden ge\u00efdentificeerd en gelokaliseerd.<\/li>\n<\/ul>\n<h3>BOSEC-certificering<\/h3>\n<p>De toonaangevende certificering voor branddetectie is BOSEC (Belgian Organisation for Security Certification). ADL Security installeert materieel met de BOSEC-erkenning.<br \/>\nRaadpleeg voor meer details de pagina over de <a class=\"linkk\" href=\"https:\/\/adl-security.be\/nl\/wie-zijn-wij\/\">certificeringen<\/a>[\/vc_column_text][\/vc_tta_section][vc_tta_section title=&#8221;Intelligent conventioneel systeem&#8221; tab_id=&#8221;1448903757695-35b852b4-ef3f&#8221;][vc_column_text]<\/p>\n<h3>Het principe van de conventionele branddetector<\/h3>\n<p>We noemen een systeem voor branddetectie &#8216;conventioneel&#8217; als de detectie door middel van een lus van detectieorganen gebeurt.<br \/>\nTechnisch beschouwd, bewaakt een Controle- en Signalisatie-uitrusting twee elektrische geleiders per detectiezone. Op elk van deze paren kunnen verscheidene detectoren worden aangesloten (rook, hitte of andere). Deze voorzieningen kunnen in serie worden aangesloten. De keten eindigt met ofwel een eindelijnweerstand (klasse B of 6), ofwel een retour naar het hoofdpaneel (klasse A of 4).<br \/>\nDe aanschaf en installatie van een conventionele branddetectie is ongeveer de helft goedkoper dan die van een analoge detector. In de praktijk geniet deze oplossing de voorkeur voor kleinere sites, waar de lokalisatie van het alarm vrij eenvoudig is.<\/p>\n<h3>ADL Security installeert de producten van Inim Electronics, met als sterproduct de SmartLine020-4 EXT<\/h3>\n<p>Ons referentieproduct voor conventionele branddetectie is INIM. Dit is een in 2005 gesticht Italiaans bedrijf. Het is actief in de fabricage van elektronische componenten zoals antennes, schakelaars en golfgeleiders. Het sterproduct van Inim Electronics voor conventionele branddetectie is de SmartLine020-4EXT<\/p>\n<p>Dit zijn zijn belangrijkste voordelen:<\/p>\n<ul>\n<li>Verscheidene modellen beschikbaar: 2 zones, 4 zones uitbreidbaar tot 20, 4 zones uitbreidbaar tot 36.<\/li>\n<li><strong>Gecertificeerd volgens de norm EN54-2 \/ EN54-4. BOSEC.<\/strong><\/li>\n<li>Tot 32 detectoren per zone.<\/li>\n<li><strong>Tab Blussysteem SmartLetLoose \/ One (optie, goedgekeurd volgens EN12094-1).<\/strong><\/li>\n<li>Alarmuitgang 1 met bewaking (NAC)<\/li>\n<li>1 uitgang voor de inschakeling van communicatievoorzieningen (detectoren).<\/li>\n<li><strong>1 uitgang met droog contact.<\/strong><\/li>\n<li>Een bijkomende vermogensuitgang.<\/li>\n<li>Een bijkomende terminal voor elke zone, configureerbaar als: uitgang met open collector, ingang voor gasdetector met bewaking, ingang voor 4-20 mA interface.<\/li>\n<li>Grafisch scherm met verlichting voor een eenvoudig beheer en de gebruikersinterface van de installatie.<\/li>\n<li>Navigatietoetsen voor een vlotte toegang tot de functies van het grafische scherm<\/li>\n<\/ul>\n<p>[\/vc_column_text][\/vc_tta_section][vc_tta_section title=&#8221;Intelligente detectoren&#8221; tab_id=&#8221;1448903870472-8d512b63-3328&#8243;][vc_column_text]<\/p>\n<h3>Principe van het intelligente detectiesysteem<\/h3>\n<p>Net als bij de conventionele detectiesystemen bewaakt een Controle- en Signalisatie-uitrusting ook hier twee geleiders die voor de gegevensuitwisseling met elke detector (SLC) worden gebruikt . Elke SLC moet worden geprogrammeerd om herkend te worden door de PCP.<br \/>\nDit type van installatie is ontegensprekelijk duurder dan een conventioneel detectiesysteem, maar is onmisbaar voor grote sites, waar een nauwkeurige lokalisatie van de brand met een conventioneel systeem te lang zou duren. Soms is het ook gerechtvaardigd voor kleinere gebouwen, bijvoorbeeld in het geval van een home of een ziekenhuis.<br \/>\nOmdat ze technisch complex zijn, kunnen analoge systemen alleen door erkende programmeurs worden ge\u00efnstalleerd.<\/p>\n<h3>Ons belangrijkste product in dit domein: het merk NOTIFIER van de groep HONEYWELL<\/h3>\n<p>NOTIFIER by Honeywell \u2013 een onderdeel van HONEYWELL International Inc., een groep met meer dan 500 diverse bedrijven in alle disciplines van de sector van de beveiliging \u2013 is een van de belangrijkste fabrikanten van systemen voor branddetectie ter wereld.<\/p>\n<p><strong>NOTIFIER<\/strong> is een pionier in de ontwikkeling van geavanceerde en ge\u00ebvolueerde systemen voor branddetectie, van eenvoudige conventionele producten tot de meest complexe intelligente systemen met netwerking.<\/p>\n<p><strong>NOTIFIER<\/strong> presenteert een volledig gamma ge\u00efntegreerde oplossingen, aangepast aan de meest uiteenlopende installaties, waaronder legerbasissen, ziekenhuizen, universitaire campussen, industriezones, fabrieken, hotels en verpleeginstellingen.<\/p>\n<p><strong>NOTIFIER<\/strong> biedt een volledig gamma randapparaten voor brandalarm aan, zoals rookdetectoren, hittedetectoren, manuele posten, gasdetectoren en meldingsapparaten.<\/p>\n<h3>Het systeem NF3000<\/h3>\n<p>De intelligente centrale voor branddetectie NF3000 heeft een uitgebreid gamma technisch geavanceerde functies en installatiemogelijkheden.<\/p>\n<p>Dankzij een moderne vormgeving en een waaier van esthetische opties geniet dit product sinds lang de voorkeur van eigenaren van installaties en van architecten. De NF300 is modulair ontworpen en dus geschikt voor een groot aantal toepassingen.<\/p>\n<p>De centrale kan worden uitgebreid met verschillende communicatie-interfaces voor:<\/p>\n<ul>\n<li>De overbrenging van informatie naar herhalingsborden<\/li>\n<li>Een beheersysteem op afstand<\/li>\n<li>De schakeling van meerdere panelen in een netwerk<\/li>\n<\/ul>\n<p>De NF3K is een meertalige centrale. De centrale is gecertificeerd door BOSEC, LPCB en VdS volgens EN54-2, EN54-4 en EN54-13.[\/vc_column_text][\/vc_tta_section][\/vc_tta_tabs][\/vc_column][\/vc_row]<\/p>\n","protected":false},"excerpt":{"rendered":"<p>[vc_row][vc_column][vc_tta_tabs][vc_tta_section title=&#8221;Algemeen&#8221; tab_id=&#8221;1448903757509-7c883d9e-65f9&#8243;][vc_column_text] Een onmisbaar veiligheidsinstrument Zowel voor particulieren als bedrijven is brandbeveiliging meer dan een luxe: ze is vandaag een onmisbaar instrument voor de veiligheid.<span class=\"excerpt-hellip\"> [\u2026]<\/span><\/p>\n","protected":false},"author":15,"featured_media":0,"parent":3628,"menu_order":0,"comment_status":"closed","ping_status":"closed","template":"","meta":[],"aioseo_notices":[],"_links":{"self":[{"href":"https:\/\/adl-security.be\/nl\/wp-json\/wp\/v2\/pages\/3637"}],"collection":[{"href":"https:\/\/adl-security.be\/nl\/wp-json\/wp\/v2\/pages"}],"about":[{"href":"https:\/\/adl-security.be\/nl\/wp-json\/wp\/v2\/types\/page"}],"author":[{"embeddable":true,"href":"https:\/\/adl-security.be\/nl\/wp-json\/wp\/v2\/users\/15"}],"replies":[{"embeddable":true,"href":"https:\/\/adl-security.be\/nl\/wp-json\/wp\/v2\/comments?post=3637"}],"version-history":[{"count":17,"href":"https:\/\/adl-security.be\/nl\/wp-json\/wp\/v2\/pages\/3637\/revisions"}],"predecessor-version":[{"id":3639,"href":"https:\/\/adl-security.be\/nl\/wp-json\/wp\/v2\/pages\/3637\/revisions\/3639"}],"up":[{"embeddable":true,"href":"https:\/\/adl-security.be\/nl\/wp-json\/wp\/v2\/pages\/3628"}],"wp:attachment":[{"href":"https:\/\/adl-security.be\/nl\/wp-json\/wp\/v2\/media?parent=3637"}],"curies":[{"name":"wp","href":"https:\/\/api.w.org\/{rel}","templated":true}]}}